{"id":3,"date":"2023-09-21T11:43:28","date_gmt":"2023-09-21T09:43:28","guid":{"rendered":"https:\/\/mportner.fr\/?page_id=3"},"modified":"2025-09-26T15:32:23","modified_gmt":"2025-09-26T13:32:23","slug":"mentions-legales","status":"publish","type":"page","link":"https:\/\/mportner.fr\/index.php\/mentions-legales\/","title":{"rendered":"Mentions l\u00e9gales"},"content":{"rendered":"\t\t<div data-elementor-type=\"wp-page\" data-elementor-id=\"3\" class=\"elementor elementor-3\">\n\t\t\t\t<div class=\"elementor-element elementor-element-1724163d e-flex e-con-boxed e-con e-parent\" data-id=\"1724163d\" data-element_type=\"container\">\n\t\t\t\t\t<div class=\"e-con-inner\">\n\t\t\t\t<div class=\"elementor-element elementor-element-566ca35d elementor-widget elementor-widget-text-editor\" data-id=\"566ca35d\" data-element_type=\"widget\" data-widget_type=\"text-editor.default\">\n\t\t\t\t<div class=\"elementor-widget-container\">\n\t\t\t\t\t\t\t\t\t<h2>\u00c9dition<\/h2>\n<div><span style=\"color: inherit; font-size: inherit; font-weight: inherit;\">Le site mportner.fr (d\u00e9nomm\u00e9 ci-apr\u00e8s \u00ab Site \u00bb) est \u00e9dit\u00e9 par Madame Marie-Pierre ORTNER dont le si\u00e8ge social est situ\u00e9 au 10 avenue du Petit Prince 31400 Toulouse et immatricul\u00e9e sous le num\u00e9ro 490 035 243 00024<\/span><\/div>\n<p>La Directrice de publication du site est Madame Marie-Pierre ORTNER.<\/p>\n<h2><span style=\"color: inherit; font-size: inherit; font-weight: inherit;\">H\u00e9bergement du Site<\/span><\/h2>\n<p>Le Site est h\u00e9berg\u00e9 par la soci\u00e9t\u00e9&nbsp;HOSTINGER operations, UAB &#8211;&nbsp;<span style=\"color: inherit; font-size: inherit; font-weight: inherit;\">\u0160vitrigailos str. 34, Vilnius 03230 Lithuania &#8211;&nbsp;<\/span><span style=\"color: inherit; font-size: inherit; font-weight: inherit;\">Phone: +37064503378 &#8211;&nbsp;<\/span><span style=\"color: inherit; font-size: inherit; font-weight: inherit;\">Email: domains@hostinger.com<\/span><\/p>\n<h2><span style=\"color: inherit; font-size: inherit; font-weight: inherit;\">D\u00e9veloppement<\/span><\/h2>\n<p>Site internet d\u00e9velopp\u00e9 sous WordPress par Marie-Pierre ORTNER.<\/p>\n<p><!-- \/wp:heading --><\/p>\n<p><!-- wp:paragraph --><\/p>\n<p><!-- \/wp:paragraph --><\/p>\n<p><!-- wp:heading --><\/p>\n<h2>Images et droit d&rsquo;auteur<\/h2>\n<p><!-- \/wp:heading --><\/p>\n<p><!-- wp:paragraph --><\/p>\n<p>Illustrations et conception graphique sur site internet : Marie-Pierre ORTNER &#8211; Toutes images pr\u00e9sent\u00e9es sur ce site sont prot\u00e9g\u00e9es par les r\u00e8gles du droit d&rsquo;auteur. Leur utilisation est interdite, sans l&rsquo;autorisation expresse de Marie-Pierre ORTNER.<\/p>\n<p><!-- \/wp:paragraph --><\/p>\t\t\t\t\t\t\t\t<\/div>\n\t\t\t\t<\/div>\n\t\t\t\t\t<\/div>\n\t\t\t\t<\/div>\n\t\t\t\t<\/div>\n\t\t","protected":false},"excerpt":{"rendered":"<p>\u00c9dition Le site mportner.fr (d\u00e9nomm\u00e9 ci-apr\u00e8s \u00ab Site \u00bb) est \u00e9dit\u00e9 par Madame Marie-Pierre ORTNER dont le si\u00e8ge social est situ\u00e9 au 10 avenue du Petit Prince 31400 Toulouse et immatricul\u00e9e sous le num\u00e9ro 490 035 243 00024 La Directrice de publication du site est Madame Marie-Pierre ORTNER. H\u00e9bergement du Site Le Site est h\u00e9berg\u00e9 [&hellip;]<\/p>\n","protected":false},"author":1,"featured_media":0,"parent":0,"menu_order":0,"comment_status":"closed","ping_status":"closed","template":"","meta":{"_monsterinsights_skip_tracking":false,"_monsterinsights_sitenote_active":false,"_monsterinsights_sitenote_note":"","_monsterinsights_sitenote_category":0,"footnotes":""},"class_list":["post-3","page","type-page","status-publish","hentry"],"aioseo_notices":[],"_links":{"self":[{"href":"https:\/\/mportner.fr\/index.php\/wp-json\/wp\/v2\/pages\/3","targetHints":{"allow":["GET"]}}],"collection":[{"href":"https:\/\/mportner.fr\/index.php\/wp-json\/wp\/v2\/pages"}],"about":[{"href":"https:\/\/mportner.fr\/index.php\/wp-json\/wp\/v2\/types\/page"}],"author":[{"embeddable":true,"href":"https:\/\/mportner.fr\/index.php\/wp-json\/wp\/v2\/users\/1"}],"replies":[{"embeddable":true,"href":"https:\/\/mportner.fr\/index.php\/wp-json\/wp\/v2\/comments?post=3"}],"version-history":[{"count":11,"href":"https:\/\/mportner.fr\/index.php\/wp-json\/wp\/v2\/pages\/3\/revisions"}],"predecessor-version":[{"id":3548,"href":"https:\/\/mportner.fr\/index.php\/wp-json\/wp\/v2\/pages\/3\/revisions\/3548"}],"wp:attachment":[{"href":"https:\/\/mportner.fr\/index.php\/wp-json\/wp\/v2\/media?parent=3"}],"curies":[{"name":"wp","href":"https:\/\/api.w.org\/{rel}","templated":true}]}}