{"id":3136,"date":"2025-09-18T15:10:40","date_gmt":"2025-09-18T13:10:40","guid":{"rendered":"https:\/\/mportner.fr\/?page_id=3136"},"modified":"2025-10-20T17:16:25","modified_gmt":"2025-10-20T15:16:25","slug":"services","status":"publish","type":"page","link":"https:\/\/mportner.fr\/index.php\/services\/","title":{"rendered":"Services"},"content":{"rendered":"\t\t<div data-elementor-type=\"wp-page\" data-elementor-id=\"3136\" class=\"elementor elementor-3136\">\n\t\t\t\t<div class=\"elementor-element elementor-element-7bcb1f7 e-flex e-con-boxed e-con e-parent\" data-id=\"7bcb1f7\" data-element_type=\"container\">\n\t\t\t\t\t<div class=\"e-con-inner\">\n\t\t\t\t\t<\/div>\n\t\t\t\t<\/div>\n\t\t<div class=\"elementor-element elementor-element-d030b27 e-flex e-con-boxed e-con e-parent\" data-id=\"d030b27\" data-element_type=\"container\">\n\t\t\t\t\t<div class=\"e-con-inner\">\n\t\t<div class=\"elementor-element elementor-element-3b3fa8b e-con-full e-flex e-con e-child\" data-id=\"3b3fa8b\" data-element_type=\"container\">\n\t\t<div class=\"elementor-element elementor-element-0c46d08 e-con-full e-flex e-con e-child\" data-id=\"0c46d08\" data-element_type=\"container\">\n\t\t\t\t<div class=\"elementor-element elementor-element-6602050 elementor-widget elementor-widget-heading\" data-id=\"6602050\" data-element_type=\"widget\" data-widget_type=\"heading.default\">\n\t\t\t\t<div class=\"elementor-widget-container\">\n\t\t\t\t\t<h1 class=\"elementor-heading-title elementor-size-default\">Services<\/h1>\t\t\t\t<\/div>\n\t\t\t\t<\/div>\n\t\t\t\t<\/div>\n\t\t\t\t<\/div>\n\t\t<div class=\"elementor-element elementor-element-4b75374 e-con-full e-flex e-con e-child\" data-id=\"4b75374\" data-element_type=\"container\">\n\t\t\t\t<div class=\"elementor-element elementor-element-e555f7f elementor-widget elementor-widget-text-editor\" data-id=\"e555f7f\" data-element_type=\"widget\" data-widget_type=\"text-editor.default\">\n\t\t\t\t<div class=\"elementor-widget-container\">\n\t\t\t\t\t\t\t\t\t<p><span style=\"white-space-collapse: preserve;\">Quelque soit votre besoin, je vous apporte un accompagnement complet et sur-mesure. <\/span><span style=\"white-space-collapse: preserve;\">Avec plus de vingt ans d\u2019exp\u00e9rience, je transforme vos id\u00e9es en actions concr\u00e8tes et percutantes, pour donner \u00e0 vos projets la visibilit\u00e9 qu\u2019ils m\u00e9ritent. Form\u00e9e aux enjeux de la communication \u00e9co-socio-responsable, je m&rsquo;engage sur chaque projet en faveur de solutions sobres et accessibles.<\/span><\/p><p><span style=\"white-space-collapse: preserve;\"><a href=\"#strategie\"><img decoding=\"async\" class=\"alignnone wp-image-3473 size-full\" src=\"https:\/\/mportner.fr\/wp-content\/uploads\/2025\/09\/fleche2.gif\" alt=\"Fleche \" width=\"22\" height=\"18\" \/> Strat\u00e9gie &amp; Identit\u00e9<\/a><br \/><\/span><span style=\"white-space-collapse: preserve;\"><a href=\"#contenus\"><img decoding=\"async\" class=\"alignnone wp-image-3473 size-full\" src=\"https:\/\/mportner.fr\/wp-content\/uploads\/2025\/09\/fleche2.gif\" alt=\"\" width=\"22\" height=\"18\" \/> Cr\u00e9ation &amp; Contenus<\/a><br \/><\/span><span style=\"white-space-collapse: preserve;\"><a href=\"#com_interne\"><img decoding=\"async\" class=\"alignnone wp-image-3473 size-full\" src=\"https:\/\/mportner.fr\/wp-content\/uploads\/2025\/09\/fleche2.gif\" alt=\"\" width=\"22\" height=\"18\" \/> Com interne &amp; \u00e9v\u00e9nements<\/a><\/span><\/p>\t\t\t\t\t\t\t\t<\/div>\n\t\t\t\t<\/div>\n\t\t\t\t<\/div>\n\t\t\t\t\t<\/div>\n\t\t\t\t<\/div>\n\t\t<div class=\"elementor-element elementor-element-e407d9b e-flex e-con-boxed e-con e-parent\" data-id=\"e407d9b\" data-element_type=\"container\">\n\t\t\t\t\t<div class=\"e-con-inner\">\n\t\t\t\t<div class=\"elementor-element elementor-element-106c3f3 elementor-widget-divider--view-line elementor-widget elementor-widget-divider\" data-id=\"106c3f3\" data-element_type=\"widget\" data-widget_type=\"divider.default\">\n\t\t\t\t<div class=\"elementor-widget-container\">\n\t\t\t\t\t\t\t<div class=\"elementor-divider\">\n\t\t\t<span class=\"elementor-divider-separator\">\n\t\t\t\t\t\t<\/span>\n\t\t<\/div>\n\t\t\t\t\t\t<\/div>\n\t\t\t\t<\/div>\n\t\t\t\t\t<\/div>\n\t\t\t\t<\/div>\n\t\t<div class=\"elementor-element elementor-element-6d34c7f e-flex e-con-boxed e-con e-parent\" data-id=\"6d34c7f\" data-element_type=\"container\">\n\t\t\t\t\t<div class=\"e-con-inner\">\n\t\t\t\t<div class=\"elementor-element elementor-element-63b8f8f elementor-widget elementor-widget-spacer\" data-id=\"63b8f8f\" data-element_type=\"widget\" data-widget_type=\"spacer.default\">\n\t\t\t\t<div class=\"elementor-widget-container\">\n\t\t\t\t\t\t\t<div class=\"elementor-spacer\">\n\t\t\t<div class=\"elementor-spacer-inner\"><\/div>\n\t\t<\/div>\n\t\t\t\t\t\t<\/div>\n\t\t\t\t<\/div>\n\t\t\t\t\t<\/div>\n\t\t\t\t<\/div>\n\t\t<div class=\"elementor-element elementor-element-73bc8d4 e-flex e-con-boxed e-con e-parent\" data-id=\"73bc8d4\" data-element_type=\"container\">\n\t\t\t\t\t<div class=\"e-con-inner\">\n\t\t\t\t<div class=\"elementor-element elementor-element-ab13c54 elementor-widget elementor-widget-menu-anchor\" data-id=\"ab13c54\" data-element_type=\"widget\" data-widget_type=\"menu-anchor.default\">\n\t\t\t\t<div class=\"elementor-widget-container\">\n\t\t\t\t\t\t\t<div class=\"elementor-menu-anchor\" id=\"strategie\"><\/div>\n\t\t\t\t\t\t<\/div>\n\t\t\t\t<\/div>\n\t\t\t\t\t<\/div>\n\t\t\t\t<\/div>\n\t\t<div class=\"elementor-element elementor-element-f5e5e02 e-flex e-con-boxed e-con e-parent\" data-id=\"f5e5e02\" data-element_type=\"container\">\n\t\t\t\t\t<div class=\"e-con-inner\">\n\t\t<div class=\"elementor-element elementor-element-7a4b355 e-con-full e-flex e-con e-child\" data-id=\"7a4b355\" data-element_type=\"container\">\n\t\t\t\t<div class=\"elementor-element elementor-element-3db5bff elementor-widget elementor-widget-heading\" data-id=\"3db5bff\" data-element_type=\"widget\" data-widget_type=\"heading.default\">\n\t\t\t\t<div class=\"elementor-widget-container\">\n\t\t\t\t\t<h2 class=\"elementor-heading-title elementor-size-default\">Strat\u00e9gie &amp; Identit\u00e9<\/h2>\t\t\t\t<\/div>\n\t\t\t\t<\/div>\n\t\t\t\t<div class=\"elementor-element elementor-element-d48cc3c elementor-widget elementor-widget-image\" data-id=\"d48cc3c\" data-element_type=\"widget\" data-widget_type=\"image.default\">\n\t\t\t\t<div class=\"elementor-widget-container\">\n\t\t\t\t\t\t\t\t\t\t\t\t\t\t\t<img fetchpriority=\"high\" decoding=\"async\" width=\"411\" height=\"383\" src=\"https:\/\/mportner.fr\/wp-content\/uploads\/2025\/09\/marie-pierre-strategie.gif\" class=\"attachment-large size-large wp-image-3431\" alt=\"Avatar strategy\" \/>\t\t\t\t\t\t\t\t\t\t\t\t\t\t\t<\/div>\n\t\t\t\t<\/div>\n\t\t\t\t<\/div>\n\t\t<div class=\"elementor-element elementor-element-b653527 e-con-full e-flex e-con e-child\" data-id=\"b653527\" data-element_type=\"container\">\n\t\t\t\t<div class=\"elementor-element elementor-element-0c549ca elementor-widget elementor-widget-text-editor\" data-id=\"0c549ca\" data-element_type=\"widget\" data-widget_type=\"text-editor.default\">\n\t\t\t\t<div class=\"elementor-widget-container\">\n\t\t\t\t\t\t\t\t\t<h3>Construire une strat\u00e9gie claire et efficace.\u00a0<\/h3><ul><li>Analyse interne(forces et axes d\u2019am\u00e9lioration)<\/li><li>D\u00e9finition d\u2019objectifs marketing\u00a0<\/li><li>Identification cibles<\/li><li>Diagnostic digital, r\u00e9putation\u00a0<\/li><li>Analyse de vos statistiques<\/li><li>\u00c9tude de la concurrence\u00a0<\/li><li>Plan de communication\u00a0<\/li><\/ul>\t\t\t\t\t\t\t\t<\/div>\n\t\t\t\t<\/div>\n\t\t\t\t<\/div>\n\t\t<div class=\"elementor-element elementor-element-dd93200 e-con-full e-flex e-con e-child\" data-id=\"dd93200\" data-element_type=\"container\">\n\t\t\t\t<div class=\"elementor-element elementor-element-4a88ff9 elementor-widget elementor-widget-text-editor\" data-id=\"4a88ff9\" data-element_type=\"widget\" data-widget_type=\"text-editor.default\">\n\t\t\t\t<div class=\"elementor-widget-container\">\n\t\t\t\t\t\t\t\t\t<h3>D\u00e9finir une identit\u00e9 forte et unique \u00e0 votre marque<\/h3><ul><li>D\u00e9finition du positionnement<\/li><li>Plateforme et discours de marque<\/li><li>Cr\u00e9ation de nom et signature<\/li><li>Branding et univers visuel<\/li><li>Charte graphique<\/li><li>Charte \u00e9ditoriale<\/li><\/ul>\t\t\t\t\t\t\t\t<\/div>\n\t\t\t\t<\/div>\n\t\t\t\t<\/div>\n\t\t\t\t\t<\/div>\n\t\t\t\t<\/div>\n\t\t<div class=\"elementor-element elementor-element-4b11f42 e-flex e-con-boxed e-con e-parent\" data-id=\"4b11f42\" data-element_type=\"container\">\n\t\t\t\t\t<div class=\"e-con-inner\">\n\t\t\t\t<div class=\"elementor-element elementor-element-03b259a elementor-widget-divider--view-line elementor-widget elementor-widget-divider\" data-id=\"03b259a\" data-element_type=\"widget\" data-widget_type=\"divider.default\">\n\t\t\t\t<div class=\"elementor-widget-container\">\n\t\t\t\t\t\t\t<div class=\"elementor-divider\">\n\t\t\t<span class=\"elementor-divider-separator\">\n\t\t\t\t\t\t<\/span>\n\t\t<\/div>\n\t\t\t\t\t\t<\/div>\n\t\t\t\t<\/div>\n\t\t\t\t\t<\/div>\n\t\t\t\t<\/div>\n\t\t<div class=\"elementor-element elementor-element-31748d1 e-flex e-con-boxed e-con e-parent\" data-id=\"31748d1\" data-element_type=\"container\">\n\t\t\t\t\t<div class=\"e-con-inner\">\n\t\t\t\t<div class=\"elementor-element elementor-element-17700f4 elementor-widget elementor-widget-menu-anchor\" data-id=\"17700f4\" data-element_type=\"widget\" data-widget_type=\"menu-anchor.default\">\n\t\t\t\t<div class=\"elementor-widget-container\">\n\t\t\t\t\t\t\t<div class=\"elementor-menu-anchor\" id=\"contenus\"><\/div>\n\t\t\t\t\t\t<\/div>\n\t\t\t\t<\/div>\n\t\t\t\t\t<\/div>\n\t\t\t\t<\/div>\n\t\t<div class=\"elementor-element elementor-element-59d58e5 e-flex e-con-boxed e-con e-parent\" data-id=\"59d58e5\" data-element_type=\"container\">\n\t\t\t\t\t<div class=\"e-con-inner\">\n\t\t<div class=\"elementor-element elementor-element-99cde09 e-con-full e-flex e-con e-child\" data-id=\"99cde09\" data-element_type=\"container\">\n\t\t\t\t<div class=\"elementor-element elementor-element-2f9e5fd elementor-widget elementor-widget-heading\" data-id=\"2f9e5fd\" data-element_type=\"widget\" data-widget_type=\"heading.default\">\n\t\t\t\t<div class=\"elementor-widget-container\">\n\t\t\t\t\t<h2 class=\"elementor-heading-title elementor-size-default\">Cr\u00e9ation &amp; contenus<\/h2>\t\t\t\t<\/div>\n\t\t\t\t<\/div>\n\t\t\t\t<div class=\"elementor-element elementor-element-34fe517 elementor-widget elementor-widget-image\" data-id=\"34fe517\" data-element_type=\"widget\" data-widget_type=\"image.default\">\n\t\t\t\t<div class=\"elementor-widget-container\">\n\t\t\t\t\t\t\t\t\t\t\t\t\t\t\t<img loading=\"lazy\" decoding=\"async\" width=\"497\" height=\"478\" src=\"https:\/\/mportner.fr\/wp-content\/uploads\/2025\/09\/marie-pierre-contenus.gif\" class=\"attachment-large size-large wp-image-3387\" alt=\"Avatar contenus\" \/>\t\t\t\t\t\t\t\t\t\t\t\t\t\t\t<\/div>\n\t\t\t\t<\/div>\n\t\t\t\t<\/div>\n\t\t<div class=\"elementor-element elementor-element-f970cc9 e-con-full e-flex e-con e-child\" data-id=\"f970cc9\" data-element_type=\"container\">\n\t\t\t\t<div class=\"elementor-element elementor-element-f64f9a4 elementor-widget elementor-widget-text-editor\" data-id=\"f64f9a4\" data-element_type=\"widget\" data-widget_type=\"text-editor.default\">\n\t\t\t\t<div class=\"elementor-widget-container\">\n\t\t\t\t\t\t\t\t\t<h3>M\u00e9dia sociaux : construire votre pr\u00e9sence en ligne\u00a0<\/h3><ul><li>Strat\u00e9gie \u00e9ditoriale digitale (quels r\u00e9seaux, quels contenus)<\/li><li>Calendrier \u00e9ditorial<\/li><li>R\u00e9daction de contenus<\/li><li>Cr\u00e9ation et production visuels\u00a0<\/li><li>Programmation et suivi des publications<\/li><li>Analyse des r\u00e9sultats et statistiques<\/li><li>Conception de newsletters (email, linkedin, whattsapp&#8230;)<\/li><li>Accessibilit\u00e9 num\u00e9rique<\/li><li>Sobri\u00e9t\u00e9 num\u00e9rique<\/li><\/ul>\t\t\t\t\t\t\t\t<\/div>\n\t\t\t\t<\/div>\n\t\t\t\t<\/div>\n\t\t<div class=\"elementor-element elementor-element-2451964 e-con-full e-flex e-con e-child\" data-id=\"2451964\" data-element_type=\"container\">\n\t\t\t\t<div class=\"elementor-element elementor-element-e12f330 elementor-widget elementor-widget-text-editor\" data-id=\"e12f330\" data-element_type=\"widget\" data-widget_type=\"text-editor.default\">\n\t\t\t\t<div class=\"elementor-widget-container\">\n\t\t\t\t\t\t\t\t\t<h3>Cr\u00e9ation graphique du print au digital<\/h3><ul><li>Campagnes print &amp; digitales<\/li><li>M\u00e9dia sociaux (motion design, vid\u00e9os, posts&#8230;)<\/li><li>Site internet (arborescence, parcours utilisateurs, design, d\u00e9veloppement)<\/li><li>Site internet accessibles<\/li><li>\u00c9dition de supports imprim\u00e9s (brochures, rapports d&rsquo;activit\u00e9s)<\/li><li>Infographies, dataviz<\/li><li>Sc\u00e9nographie d\u2019exposition et signal\u00e9tique<\/li><li>PDF accessibles &#8211; Mises en accessibilit\u00e9<\/li><\/ul>\t\t\t\t\t\t\t\t<\/div>\n\t\t\t\t<\/div>\n\t\t\t\t<\/div>\n\t\t\t\t\t<\/div>\n\t\t\t\t<\/div>\n\t\t<div class=\"elementor-element elementor-element-a162268 e-flex e-con-boxed e-con e-parent\" data-id=\"a162268\" data-element_type=\"container\">\n\t\t\t\t\t<div class=\"e-con-inner\">\n\t\t<div class=\"elementor-element elementor-element-0cd9da8 e-con-full e-flex e-con e-child\" data-id=\"0cd9da8\" data-element_type=\"container\" data-settings=\"{&quot;background_background&quot;:&quot;classic&quot;}\">\n\t\t\t\t<div class=\"elementor-element elementor-element-999c3f0 elementor-widget elementor-widget-heading\" data-id=\"999c3f0\" data-element_type=\"widget\" data-widget_type=\"heading.default\">\n\t\t\t\t<div class=\"elementor-widget-container\">\n\t\t\t\t\t<h2 class=\"elementor-heading-title elementor-size-default\">Communication responsable et accessibilit\u00e9<\/h2>\t\t\t\t<\/div>\n\t\t\t\t<\/div>\n\t\t\t\t<div class=\"elementor-element elementor-element-762aae4 elementor-widget elementor-widget-image\" data-id=\"762aae4\" data-element_type=\"widget\" data-widget_type=\"image.default\">\n\t\t\t\t<div class=\"elementor-widget-container\">\n\t\t\t\t\t\t\t\t\t\t\t\t\t\t\t<img loading=\"lazy\" decoding=\"async\" width=\"150\" height=\"143\" src=\"https:\/\/mportner.fr\/wp-content\/uploads\/2025\/10\/picto_accessibilite.png\" class=\"attachment-large size-large wp-image-3605\" alt=\"\" \/>\t\t\t\t\t\t\t\t\t\t\t\t\t\t\t<\/div>\n\t\t\t\t<\/div>\n\t\t\t\t<div class=\"elementor-element elementor-element-69adc42 elementor-widget__width-initial elementor-widget elementor-widget-text-editor\" data-id=\"69adc42\" data-element_type=\"widget\" data-widget_type=\"text-editor.default\">\n\t\t\t\t<div class=\"elementor-widget-container\">\n\t\t\t\t\t\t\t\t\t<p>Form\u00e9e aux enjeux de la communication \u00e9co-socio-responsable et de l&rsquo;accessibilit\u00e9 num\u00e9rique (supports prints et digitaux, \u00e9v\u00e9nements responsables&#8230;), je vous accompagne dans la mise en \u0153uvre de messages et d&rsquo;actions en accord avec les principes du d\u00e9veloppement durable, tels que recommand\u00e9s par l&rsquo;ADEME. <a href=\"https:\/\/communication-responsable.ademe.fr\/sites\/default\/files\/2023-10\/guideecocom_extraitguide2022-web.pdf\">T\u00e9l\u00e9charger le guide de la communication responsable (ADEME)<\/a><\/p>\t\t\t\t\t\t\t\t<\/div>\n\t\t\t\t<\/div>\n\t\t\t\t<\/div>\n\t\t\t\t\t<\/div>\n\t\t\t\t<\/div>\n\t\t<div class=\"elementor-element elementor-element-a53eef4 e-flex e-con-boxed e-con e-parent\" data-id=\"a53eef4\" data-element_type=\"container\">\n\t\t\t\t\t<div class=\"e-con-inner\">\n\t\t\t\t<div class=\"elementor-element elementor-element-b445ba1 elementor-widget-divider--view-line elementor-widget elementor-widget-divider\" data-id=\"b445ba1\" data-element_type=\"widget\" data-widget_type=\"divider.default\">\n\t\t\t\t<div class=\"elementor-widget-container\">\n\t\t\t\t\t\t\t<div class=\"elementor-divider\">\n\t\t\t<span class=\"elementor-divider-separator\">\n\t\t\t\t\t\t<\/span>\n\t\t<\/div>\n\t\t\t\t\t\t<\/div>\n\t\t\t\t<\/div>\n\t\t\t\t\t<\/div>\n\t\t\t\t<\/div>\n\t\t<div class=\"elementor-element elementor-element-91dedc6 e-flex e-con-boxed e-con e-parent\" data-id=\"91dedc6\" data-element_type=\"container\">\n\t\t\t\t\t<div class=\"e-con-inner\">\n\t\t\t\t<div class=\"elementor-element elementor-element-b5dd7d8 elementor-widget elementor-widget-menu-anchor\" data-id=\"b5dd7d8\" data-element_type=\"widget\" data-widget_type=\"menu-anchor.default\">\n\t\t\t\t<div class=\"elementor-widget-container\">\n\t\t\t\t\t\t\t<div class=\"elementor-menu-anchor\" id=\"com_interne\"><\/div>\n\t\t\t\t\t\t<\/div>\n\t\t\t\t<\/div>\n\t\t\t\t\t<\/div>\n\t\t\t\t<\/div>\n\t\t<div class=\"elementor-element elementor-element-84f493d e-flex e-con-boxed e-con e-parent\" data-id=\"84f493d\" data-element_type=\"container\">\n\t\t\t\t\t<div class=\"e-con-inner\">\n\t\t<div class=\"elementor-element elementor-element-92add08 e-con-full e-flex e-con e-child\" data-id=\"92add08\" data-element_type=\"container\">\n\t\t\t\t<div class=\"elementor-element elementor-element-5c5e77f elementor-widget elementor-widget-heading\" data-id=\"5c5e77f\" data-element_type=\"widget\" data-widget_type=\"heading.default\">\n\t\t\t\t<div class=\"elementor-widget-container\">\n\t\t\t\t\t<h2 class=\"elementor-heading-title elementor-size-default\">Communication interne &amp; \u00c9v\u00e9nementiel<\/h2>\t\t\t\t<\/div>\n\t\t\t\t<\/div>\n\t\t\t\t<div class=\"elementor-element elementor-element-3a60788 elementor-widget elementor-widget-image\" data-id=\"3a60788\" data-element_type=\"widget\" data-widget_type=\"image.default\">\n\t\t\t\t<div class=\"elementor-widget-container\">\n\t\t\t\t\t\t\t\t\t\t\t\t\t\t\t<img loading=\"lazy\" decoding=\"async\" width=\"540\" height=\"421\" src=\"https:\/\/mportner.fr\/wp-content\/uploads\/2025\/09\/marie-pierre-evenement.gif\" class=\"attachment-large size-large wp-image-3435\" alt=\"\" \/>\t\t\t\t\t\t\t\t\t\t\t\t\t\t\t<\/div>\n\t\t\t\t<\/div>\n\t\t\t\t<\/div>\n\t\t<div class=\"elementor-element elementor-element-762061a e-con-full e-flex e-con e-child\" data-id=\"762061a\" data-element_type=\"container\">\n\t\t\t\t<div class=\"elementor-element elementor-element-e4fef14 elementor-widget elementor-widget-text-editor\" data-id=\"e4fef14\" data-element_type=\"widget\" data-widget_type=\"text-editor.default\">\n\t\t\t\t<div class=\"elementor-widget-container\">\n\t\t\t\t\t\t\t\t\t<h3>Communication interne : f\u00e9d\u00e9rer et engager vos collaborateurs<\/h3><ul><li>Co construction de projets avec salari\u00e9s ambassadeurs<\/li><li>Newsletters ou magazines internes<\/li><li>Animation de r\u00e9seaux d\u2019entreprise ou de communaut\u00e9s LinkedIn<\/li><li>Organisation et animation d\u2019ateliers et workshops participatifs<\/li><\/ul>\t\t\t\t\t\t\t\t<\/div>\n\t\t\t\t<\/div>\n\t\t\t\t<\/div>\n\t\t<div class=\"elementor-element elementor-element-cd037ab e-con-full e-flex e-con e-child\" data-id=\"cd037ab\" data-element_type=\"container\">\n\t\t\t\t<div class=\"elementor-element elementor-element-bc97112 elementor-widget elementor-widget-text-editor\" data-id=\"bc97112\" data-element_type=\"widget\" data-widget_type=\"text-editor.default\">\n\t\t\t\t<div class=\"elementor-widget-container\">\n\t\t\t\t\t\t\t\t\t<h3>\u00c9v\u00e9nementiel : imaginer et orchestrer vos \u00e9v\u00e9nements<\/h3><ul><li>Conception et sc\u00e9narisation de l\u2019\u00e9v\u00e9nement<\/li><li>Planification et organisation<\/li><li>Gestion de projet et coordination des \u00e9tapes<\/li><li>Relation et suivi des prestataires<\/li><li>Logistique op\u00e9rationnelle<\/li><li>Communication multicanale<\/li><\/ul>\t\t\t\t\t\t\t\t<\/div>\n\t\t\t\t<\/div>\n\t\t\t\t<\/div>\n\t\t\t\t\t<\/div>\n\t\t\t\t<\/div>\n\t\t<div class=\"elementor-element elementor-element-fdc40fa e-flex e-con-boxed e-con e-parent\" data-id=\"fdc40fa\" data-element_type=\"container\">\n\t\t\t\t\t<div class=\"e-con-inner\">\n\t\t\t\t\t<\/div>\n\t\t\t\t<\/div>\n\t\t\t\t<\/div>\n\t\t","protected":false},"excerpt":{"rendered":"<p>Services Quelque soit votre besoin, je vous apporte un accompagnement complet et sur-mesure. Avec plus de vingt ans d\u2019exp\u00e9rience, je transforme vos id\u00e9es en actions concr\u00e8tes et percutantes, pour donner \u00e0 vos projets la visibilit\u00e9 qu\u2019ils m\u00e9ritent. Form\u00e9e aux enjeux de la communication \u00e9co-socio-responsable, je m&rsquo;engage sur chaque projet en faveur de solutions sobres et [&hellip;]<\/p>\n","protected":false},"author":1,"featured_media":0,"parent":0,"menu_order":5,"comment_status":"closed","ping_status":"closed","template":"","meta":{"_monsterinsights_skip_tracking":false,"_monsterinsights_sitenote_active":false,"_monsterinsights_sitenote_note":"","_monsterinsights_sitenote_category":0,"footnotes":""},"class_list":["post-3136","page","type-page","status-publish","hentry"],"aioseo_notices":[],"_links":{"self":[{"href":"https:\/\/mportner.fr\/index.php\/wp-json\/wp\/v2\/pages\/3136","targetHints":{"allow":["GET"]}}],"collection":[{"href":"https:\/\/mportner.fr\/index.php\/wp-json\/wp\/v2\/pages"}],"about":[{"href":"https:\/\/mportner.fr\/index.php\/wp-json\/wp\/v2\/types\/page"}],"author":[{"embeddable":true,"href":"https:\/\/mportner.fr\/index.php\/wp-json\/wp\/v2\/users\/1"}],"replies":[{"embeddable":true,"href":"https:\/\/mportner.fr\/index.php\/wp-json\/wp\/v2\/comments?post=3136"}],"version-history":[{"count":150,"href":"https:\/\/mportner.fr\/index.php\/wp-json\/wp\/v2\/pages\/3136\/revisions"}],"predecessor-version":[{"id":3696,"href":"https:\/\/mportner.fr\/index.php\/wp-json\/wp\/v2\/pages\/3136\/revisions\/3696"}],"wp:attachment":[{"href":"https:\/\/mportner.fr\/index.php\/wp-json\/wp\/v2\/media?parent=3136"}],"curies":[{"name":"wp","href":"https:\/\/api.w.org\/{rel}","templated":true}]}}