{"id":897,"date":"2023-09-05T13:44:49","date_gmt":"2023-09-05T11:44:49","guid":{"rendered":"https:\/\/mportner.fr\/?page_id=897"},"modified":"2025-10-28T10:18:47","modified_gmt":"2025-10-28T09:18:47","slug":"a-propos","status":"publish","type":"page","link":"https:\/\/mportner.fr\/index.php\/a-propos\/","title":{"rendered":"\u00c0 propos"},"content":{"rendered":"\t\t<div data-elementor-type=\"wp-page\" data-elementor-id=\"897\" class=\"elementor elementor-897\">\n\t\t\t\t<div class=\"elementor-element elementor-element-c937841 e-flex e-con-boxed e-con e-parent\" data-id=\"c937841\" data-element_type=\"container\">\n\t\t\t\t\t<div class=\"e-con-inner\">\n\t\t<div class=\"elementor-element elementor-element-0c46d08 e-con-full e-flex e-con e-child\" data-id=\"0c46d08\" data-element_type=\"container\">\n\t\t\t\t<div class=\"elementor-element elementor-element-e782d1b elementor-widget elementor-widget-heading\" data-id=\"e782d1b\" data-element_type=\"widget\" data-widget_type=\"heading.default\">\n\t\t\t\t<div class=\"elementor-widget-container\">\n\t\t\t\t\t<h1 class=\"elementor-heading-title elementor-size-default\">\u00c0 propos<\/h1>\t\t\t\t<\/div>\n\t\t\t\t<\/div>\n\t\t\t\t<\/div>\n\t\t<div class=\"elementor-element elementor-element-b7b5669 e-con-full e-flex e-con e-child\" data-id=\"b7b5669\" data-element_type=\"container\">\n\t\t\t\t<div class=\"elementor-element elementor-element-73468f0 elementor-widget elementor-widget-text-editor\" data-id=\"73468f0\" data-element_type=\"widget\" data-widget_type=\"text-editor.default\">\n\t\t\t\t<div class=\"elementor-widget-container\">\n\t\t\t\t\t\t\t\t\t<h2 dir=\"auto\">Bonjour, je suis Marie-Pierre Ortner.<\/h2>\n<div dir=\"auto\">Sp\u00e9cialiste en communication strat\u00e9gique et graphiste \u00e0 Toulouse j&rsquo;accompagne avec enthousiasme mes clients depuis 20 ans, sur l&rsquo;ensemble de leurs projets (print, digital, motion) ou la mise en place de leurs \u00e9v\u00e9nements. <span style=\"color: inherit; font-weight: inherit; font-size: inherit;\">Pour chaque projet, je mets en place&nbsp;<\/span><span style=\"color: inherit; font-weight: inherit; font-size: inherit;\">une&nbsp;<\/span><span style=\"color: inherit; font-weight: inherit; font-size: inherit;\">m\u00e9thodologie rigoureuse:&nbsp;<\/span>analyse des enjeux, d\u00e9finition des objectifs, planification, coordination et suivi, puis reporting.<\/div>\n<div dir=\"auto\">Scientifique de formation, je suis sp\u00e9cialis\u00e9e dans les projets de communication institutionnelle et scientifique. Je serais ravie d&rsquo;entendre parler de votre projet, <a href=\"https:\/\/mportner.fr\/index.php\/contact-2\/\">n&rsquo;h\u00e9sitez pas \u00e0 me contacter<\/a>.<\/div>\t\t\t\t\t\t\t\t<\/div>\n\t\t\t\t<\/div>\n\t\t\t\t<\/div>\n\t\t\t\t\t<\/div>\n\t\t\t\t<\/div>\n\t\t<div class=\"elementor-element elementor-element-f12698e e-flex e-con-boxed e-con e-parent\" data-id=\"f12698e\" data-element_type=\"container\">\n\t\t\t\t\t<div class=\"e-con-inner\">\n\t\t\t\t<div class=\"elementor-element elementor-element-3fa05ac elementor-widget elementor-widget-image\" data-id=\"3fa05ac\" data-element_type=\"widget\" data-widget_type=\"image.default\">\n\t\t\t\t<div class=\"elementor-widget-container\">\n\t\t\t\t\t\t\t\t\t\t\t\t\t\t\t<img fetchpriority=\"high\" decoding=\"async\" width=\"1569\" height=\"866\" src=\"https:\/\/mportner.fr\/wp-content\/uploads\/2025\/09\/MP_ORTNER_photo3.jpg\" class=\"attachment-full size-full wp-image-3075\" alt=\"\" srcset=\"https:\/\/mportner.fr\/wp-content\/uploads\/2025\/09\/MP_ORTNER_photo3.jpg 1569w, https:\/\/mportner.fr\/wp-content\/uploads\/2025\/09\/MP_ORTNER_photo3-300x166.jpg 300w, https:\/\/mportner.fr\/wp-content\/uploads\/2025\/09\/MP_ORTNER_photo3-1024x565.jpg 1024w, https:\/\/mportner.fr\/wp-content\/uploads\/2025\/09\/MP_ORTNER_photo3-768x424.jpg 768w, https:\/\/mportner.fr\/wp-content\/uploads\/2025\/09\/MP_ORTNER_photo3-1536x848.jpg 1536w, https:\/\/mportner.fr\/wp-content\/uploads\/2025\/09\/MP_ORTNER_photo3-600x331.jpg 600w\" sizes=\"(max-width: 1569px) 100vw, 1569px\" \/>\t\t\t\t\t\t\t\t\t\t\t\t\t\t\t<\/div>\n\t\t\t\t<\/div>\n\t\t\t\t\t<\/div>\n\t\t\t\t<\/div>\n\t\t<div class=\"elementor-element elementor-element-f5e5e02 e-flex e-con-boxed e-con e-parent\" data-id=\"f5e5e02\" data-element_type=\"container\">\n\t\t\t\t\t<div class=\"e-con-inner\">\n\t\t<div class=\"elementor-element elementor-element-7a4b355 e-con-full e-flex e-con e-child\" data-id=\"7a4b355\" data-element_type=\"container\">\n\t\t\t\t<div class=\"elementor-element elementor-element-548cc07 elementor-widget elementor-widget-text-editor\" data-id=\"548cc07\" data-element_type=\"widget\" data-widget_type=\"text-editor.default\">\n\t\t\t\t<div class=\"elementor-widget-container\">\n\t\t\t\t\t\t\t\t\t<h2><span style=\"text-align: var(--text-align);\">Parcours<\/span><\/h2><div><p><span style=\"text-align: var(--text-align);\">Avec une formation initiale \u00e0 la fois scientifique (Licence de Physique) et visuelle (Communication visuelle), j&rsquo;aime emprunter les passerelles entre les diff\u00e9rentes disciplines et je suis passionn\u00e9e par les sciences &amp; techniques et la vulgarisation.<\/span><\/p><p><span style=\"text-align: var(--text-align);\">Ce double profil me permet d&rsquo;\u00eatre \u00e0 la fois rigoureuse et cr\u00e9ative<\/span><\/p><\/div>\t\t\t\t\t\t\t\t<\/div>\n\t\t\t\t<\/div>\n\t\t\t\t<\/div>\n\t\t<div class=\"elementor-element elementor-element-b653527 e-con-full e-flex e-con e-child\" data-id=\"b653527\" data-element_type=\"container\">\n\t\t\t\t<div class=\"elementor-element elementor-element-0c549ca elementor-widget elementor-widget-text-editor\" data-id=\"0c549ca\" data-element_type=\"widget\" data-widget_type=\"text-editor.default\">\n\t\t\t\t<div class=\"elementor-widget-container\">\n\t\t\t\t\t\t\t\t\t<h2>M\u00e9thodologie<\/h2><p>Pour chaque mission, je mets en place des outils et une m\u00e9thodologie adapt\u00e9s pour r\u00e9pondre pr\u00e9cis\u00e9ment \u00e0 vos demandes et \u00e0 vos besoins.<\/p><p><span style=\"color: #707070; white-space-collapse: preserve;\"><a href=\"https:\/\/mportner.fr\/index.php\/services\/#strategie\"><img decoding=\"async\" class=\"alignnone wp-image-3473 size-full\" src=\"https:\/\/mportner.fr\/wp-content\/uploads\/2025\/09\/fleche2.gif\" alt=\"Fleche \" width=\"22\" height=\"18\" \/> Strat\u00e9gie &amp; Identit\u00e9<\/a><br \/><\/span><span style=\"color: #707070; white-space-collapse: preserve;\"><a href=\"https:\/\/mportner.fr\/index.php\/services\/#contenus\"><img decoding=\"async\" class=\"alignnone wp-image-3473 size-full\" src=\"https:\/\/mportner.fr\/wp-content\/uploads\/2025\/09\/fleche2.gif\" alt=\"\" width=\"22\" height=\"18\" \/> Cr\u00e9ation &amp; Contenus<\/a><br \/><\/span><span style=\"color: #707070; white-space-collapse: preserve;\"><a href=\"https:\/\/mportner.fr\/index.php\/services\/#com_interne\"><img decoding=\"async\" class=\"alignnone wp-image-3473 size-full\" src=\"https:\/\/mportner.fr\/wp-content\/uploads\/2025\/09\/fleche2.gif\" alt=\"\" width=\"22\" height=\"18\" \/> Com interne &amp; \u00e9v\u00e9nements<\/a><\/span><\/p>\t\t\t\t\t\t\t\t<\/div>\n\t\t\t\t<\/div>\n\t\t\t\t<\/div>\n\t\t<div class=\"elementor-element elementor-element-5130853 e-con-full e-flex e-con e-child\" data-id=\"5130853\" data-element_type=\"container\">\n\t\t\t\t<div class=\"elementor-element elementor-element-14d3f88 elementor-widget elementor-widget-text-editor\" data-id=\"14d3f88\" data-element_type=\"widget\" data-widget_type=\"text-editor.default\">\n\t\t\t\t<div class=\"elementor-widget-container\">\n\t\t\t\t\t\t\t\t\t<h2>Collaboration<\/h2><p>Parce que j&rsquo;adore \u00e9changer et collaborer, je r\u00e9unis et je coordonne souvent des \u00e9quipes pour r\u00e9pondre aux demandes sp\u00e9cifiques. Voici quelques-uns de mes partenaires de confiance :<\/p><p><span style=\"text-align: var(--text-align);\">Graphisme : <a href=\"https:\/\/www.grizzlie.fr\/\" target=\"_blank\" rel=\"noopener\">Laurence Maigret<\/a>,\u00a0<\/span><a href=\"https:\/\/www.kgwendoline.com\/\" target=\"_blank\" rel=\"noopener\">Gwendoline <span style=\"color: inherit; font-size: inherit; font-weight: inherit;\">Krzepisz<\/span><\/a><span style=\"color: inherit; font-size: inherit; font-weight: inherit;\">, <\/span><a href=\"https:\/\/catherinedouenel.ultra-book.com\/accueil\" target=\"_blank\" rel=\"noopener\">Catherine Dou\u00ebnel<\/a><span style=\"text-align: var(--text-align);\">\u00a0\/ Illustration : <a href=\"https:\/\/bricemarchal.com\/\" target=\"_blank\" rel=\"noopener\">Brice Marchal<\/a>, <a href=\"https:\/\/www.instagram.com\/adejie_illustration\/\" target=\"_blank\" rel=\"noopener\">Ad\u00e9jie<\/a> <\/span><span style=\"text-align: var(--text-align);\">\/ <\/span>Conception-r\u00e9daction : <a href=\"https:\/\/lagune.mystrikingly.com\/\" target=\"_blank\" rel=\"noopener\">Jonathan Lagier<\/a> \/ <span style=\"text-align: var(--text-align);\">Motion design : <a href=\"https:\/\/jenniferturpin.fr\/\" target=\"_blank\" rel=\"noopener\">Jennifer Turpin<\/a>\u00a0\/ Design et d\u00e9veloppement web : <a href=\"https:\/\/ysaintlary.com\/\" target=\"_blank\" rel=\"noopener\">Yves Saint-Lary<\/a><\/span><\/p>\t\t\t\t\t\t\t\t<\/div>\n\t\t\t\t<\/div>\n\t\t\t\t<\/div>\n\t\t\t\t\t<\/div>\n\t\t\t\t<\/div>\n\t\t\t\t<\/div>\n\t\t","protected":false},"excerpt":{"rendered":"<p>\u00c0 propos Bonjour, je suis Marie-Pierre Ortner. Sp\u00e9cialiste en communication strat\u00e9gique et graphiste \u00e0 Toulouse j&rsquo;accompagne avec enthousiasme mes clients depuis 20 ans, sur l&rsquo;ensemble de leurs projets (print, digital, motion) ou la mise en place de leurs \u00e9v\u00e9nements. Pour chaque projet, je mets en place&nbsp;une&nbsp;m\u00e9thodologie rigoureuse:&nbsp;analyse des enjeux, d\u00e9finition des objectifs, planification, coordination et [&hellip;]<\/p>\n","protected":false},"author":1,"featured_media":0,"parent":0,"menu_order":5,"comment_status":"closed","ping_status":"closed","template":"","meta":{"_monsterinsights_skip_tracking":false,"_monsterinsights_sitenote_active":false,"_monsterinsights_sitenote_note":"","_monsterinsights_sitenote_category":0,"footnotes":""},"class_list":["post-897","page","type-page","status-publish","hentry"],"aioseo_notices":[],"_links":{"self":[{"href":"https:\/\/mportner.fr\/index.php\/wp-json\/wp\/v2\/pages\/897","targetHints":{"allow":["GET"]}}],"collection":[{"href":"https:\/\/mportner.fr\/index.php\/wp-json\/wp\/v2\/pages"}],"about":[{"href":"https:\/\/mportner.fr\/index.php\/wp-json\/wp\/v2\/types\/page"}],"author":[{"embeddable":true,"href":"https:\/\/mportner.fr\/index.php\/wp-json\/wp\/v2\/users\/1"}],"replies":[{"embeddable":true,"href":"https:\/\/mportner.fr\/index.php\/wp-json\/wp\/v2\/comments?post=897"}],"version-history":[{"count":411,"href":"https:\/\/mportner.fr\/index.php\/wp-json\/wp\/v2\/pages\/897\/revisions"}],"predecessor-version":[{"id":3713,"href":"https:\/\/mportner.fr\/index.php\/wp-json\/wp\/v2\/pages\/897\/revisions\/3713"}],"wp:attachment":[{"href":"https:\/\/mportner.fr\/index.php\/wp-json\/wp\/v2\/media?parent=897"}],"curies":[{"name":"wp","href":"https:\/\/api.w.org\/{rel}","templated":true}]}}